{"id":25,"date":"2017-05-17T20:05:52","date_gmt":"2017-05-17T20:05:52","guid":{"rendered":"https:\/\/medium-rare.ro\/contact"},"modified":"2023-03-02T08:18:12","modified_gmt":"2023-03-02T08:18:12","slug":"contact","status":"publish","type":"page","link":"https:\/\/medium-rare.ro\/en\/contact\/","title":{"rendered":"Contact"},"content":{"rendered":"<section data-vc-full-width=\"true\" data-vc-full-width-init=\"false\" class=\"vc_section\"><div class=\"vc_row wpb_row vc_row-fluid\"><div class=\"wpb_column vc_column_container vc_col-sm-12\"><div class=\"vc_column-inner\"><div class=\"wpb_wrapper\"><ul class=\"ltx-block-icon  has-descr  icons-count-4 align-center ltx-icon-color-main ltx-icon-size-default ltx-header-color-default ltx-icon-type-transparent ltx-bg-color-transparent layout-cols4 ltx-icon-top  row centered\"  id=\"like_sc_block_icon_2008753529\"><li class=\"col-lg-3 col-md-6 col-sm-6 col-ms-6 col-xs-6\" ><div   class=\"in\"><span class=\"ltx-icon fa fa-location-arrow bg-transparent\"><\/span> <h6 class=\"header\"> Loca\u0163ie <\/h6> <div class=\"descr\">Str. V\u00e2n\u0103torilor nr. 46B9, Comuna Mogo\u0219oaia, Jud. Ilfov<\/div><\/div><\/li><li class=\"col-lg-3 col-md-6 col-sm-6 col-ms-6 col-xs-6\" ><div   class=\"in\"><span class=\"ltx-icon fa fa-phone bg-transparent\"><\/span> <h6 class=\"header\"> Telefon <\/h6> <div class=\"descr\">0729 073 783<\/div><\/div><\/li><li class=\"col-lg-3 col-md-6 col-sm-6 col-ms-6 col-xs-6\" ><a href=\"#\"   class=\"in\"><span class=\"ltx-icon fa fa-envelope bg-transparent\"><\/span> <h6 class=\"header\"> Email <\/h6> <div class=\"descr\">contact@medium-rare.ro<\/div><\/a><\/li><li class=\"col-lg-3 col-md-6 col-sm-6 col-ms-6 col-xs-6\" ><div   class=\"in\"><span class=\"ltx-icon fa fa-home bg-transparent\"><\/span> <h6 class=\"header\"> Date <\/h6> <div class=\"descr\">Medium Rare Perspective SRL<br \/>\nCIF 42485408 J23\/1659\/2020<br \/>\n<\/div><\/div><\/li><\/ul><\/div><\/div><\/div><\/div><div class=\"vc_row wpb_row vc_row-fluid\"><div class=\"wpb_column vc_column_container vc_col-sm-12\"><div class=\"vc_column-inner\"><div class=\"wpb_wrapper\"><div class=\"es-resp\">\t<div class=\"visible-xl\" style=\"height: 80px;\"><\/div>\t<div class=\"hidden-xl hidden-md hidden-sm hidden-ms hidden-xs\" style=\"height: 80px;\"><\/div>\t<div class=\"visible-md\" style=\"height: 80px;\"><\/div>\t<div class=\"visible-sm\" style=\"height: 80px;\"><\/div>\t<div class=\"visible-ms\" style=\"height: 80px;\"><\/div>\t<div class=\"visible-xs\" style=\"height: 80px;\"><\/div><\/div><\/div><\/div><\/div><\/div><div data-vc-full-width=\"true\" data-vc-full-width-init=\"false\" class=\"vc_row wpb_row vc_row-fluid\"><div class=\"wpb_column vc_column_container vc_col-sm-12\"><div class=\"vc_column-inner\"><div class=\"wpb_wrapper\"><div class=\"ltx-content-width ltx-col-align-center ltx-block-align-left\" id=\"like_sc_content_width_2088257191\" style=\"max-width: 600px\"><div class=\"ltx-wrapper\"><div class=\"es-resp\">\t<div class=\"visible-xl\" style=\"height: 32px;\"><\/div>\t<div class=\"hidden-xl hidden-md hidden-sm hidden-ms hidden-xs\" style=\"height: 32px;\"><\/div>\t<div class=\"visible-md\" style=\"height: 32px;\"><\/div>\t<div class=\"visible-sm\" style=\"height: 32px;\"><\/div>\t<div class=\"visible-ms\" style=\"height: 32px;\"><\/div>\t<div class=\"visible-xs\" style=\"height: 32px;\"><\/div><\/div><div class=\"heading header-subheader align-center color-black subcolor-main transform-default theme-icon-second icon-type-hidden   vc_custom_1594937528617 heading-tag-h4\" id=\"like_sc_header_1688197073\"><h4 data-text=\"Ai nevoie de ajutor? Las\u0103-ne un mesaj\" class=\"header ltx-sr-id-like_sc_header_16881970731910800822 ltx-sr ltx-sr-effect-fade_in ltx-sr-el-block ltx-sr-delay-0 ltx-sr-duration-1000 ltx-sr-sequences-0\">Ai nevoie de ajutor? Las\u0103-ne un mesaj<\/h4><\/div>\n\t<div class=\"wpb_text_column wpb_content_element\" >\n\t\t<div class=\"wpb_wrapper\">\n\t\t\t<p>Pentru orice detalii despre Medium-Rare \u0219i despre produsele noastre, completeaz\u0103 formularul de mai jos \u0219i vom reveni \u00een cel mai scurt timp! P\u00e2n\u0103 atunci, verific\u0103 \u0219i pagina noastr\u0103 de \u00centreb\u0103ri frecvente, e posibil s\u0103 g\u0103se\u0219ti acolo r\u0103spuns la \u00eentreb\u0103rile tale.<\/p>\n\n\t\t<\/div>\n\t<\/div>\n<div class=\"ltx-contact-form-7 transform-default form-center form-white form-bg-white form-style-default form-btn-default form-btn-default form-padding-none    vc_custom_1594937538383\"    id=\"like_sc_contact_form_7_235701324\">\n<div class=\"wpcf7 no-js\" id=\"wpcf7-f10794-o2\" lang=\"en-US\" dir=\"ltr\">\n<div class=\"screen-reader-response\"><p role=\"status\" aria-live=\"polite\" aria-atomic=\"true\"><\/p> <ul><\/ul><\/div>\n<form action=\"\/en\/wp-json\/wp\/v2\/pages\/25#wpcf7-f10794-o2\" method=\"post\" class=\"wpcf7-form init\" aria-label=\"Contact form\" novalidate=\"novalidate\" data-status=\"init\" data-trp-original-action=\"\/en\/wp-json\/wp\/v2\/pages\/25#wpcf7-f10794-o2\">\n<div style=\"display: none;\">\n<input type=\"hidden\" name=\"_wpcf7\" value=\"10794\" \/>\n<input type=\"hidden\" name=\"_wpcf7_version\" value=\"5.7.6\" \/>\n<input type=\"hidden\" name=\"_wpcf7_locale\" value=\"en_US\" \/>\n<input type=\"hidden\" name=\"_wpcf7_unit_tag\" value=\"wpcf7-f10794-o2\" \/>\n<input type=\"hidden\" name=\"_wpcf7_container_post\" value=\"0\" \/>\n<input type=\"hidden\" name=\"_wpcf7_posted_data_hash\" value=\"\" \/>\n<\/div>\n<div class=\"row\">\n\t<div class=\"col-lg-12\">\n\t\t<p><span class=\"wpcf7-form-control-wrap\" data-name=\"field-header\"><input size=\"40\" class=\"wpcf7-form-control wpcf7-text wpcf7-validates-as-required\" aria-required=\"true\" aria-invalid=\"false\" placeholder=\"Nume\" value=\"\" type=\"text\" name=\"field-header\" \/><\/span>\n\t\t<\/p>\n\t<\/div>\n\t<div class=\"col-lg-12\">\n\t\t<p><span class=\"wpcf7-form-control-wrap\" data-name=\"field-header2\"><input size=\"40\" class=\"wpcf7-form-control wpcf7-text wpcf7-validates-as-required\" aria-required=\"true\" aria-invalid=\"false\" placeholder=\"Email\" value=\"\" type=\"text\" name=\"field-header2\" \/><\/span>\n\t\t<\/p>\n\t<\/div>\n\t<div class=\"col-lg-12\">\n\t\t<p><span class=\"wpcf7-form-control-wrap\" data-name=\"mc4wp_checkbox\"><span class=\"wpcf7-form-control wpcf7-checkbox\"><span class=\"wpcf7-list-item first last\"><input type=\"checkbox\" name=\"mc4wp_checkbox[]\" value=\"Aboneaza-te la newsletter\" \/><span class=\"wpcf7-list-item-label\">Aboneaza-te la newsletter<\/span><\/span><\/span><\/span>\n\t\t<\/p>\n\t<\/div>\n<\/div>\n<p><span class=\"wpcf7-form-control-wrap\" data-name=\"field-header-3\"><textarea cols=\"40\" rows=\"10\" class=\"wpcf7-form-control wpcf7-textarea\" aria-invalid=\"false\" placeholder=\"Mesaj\" name=\"field-header-3\"><\/textarea><\/span>\n<\/p>\n<p><input class=\"wpcf7-form-control has-spinner wpcf7-submit\" type=\"submit\" value=\"Trimite\" \/>\n<\/p><div class=\"wpcf7-response-output\" aria-hidden=\"true\"><\/div>\n<input type=\"hidden\" name=\"trp-form-language\" value=\"en\"\/><\/form>\n<\/div>\n<\/div><\/div><\/div><\/div><\/div><\/div><\/div><div class=\"vc_row-full-width vc_clearfix\"><\/div><\/section><div class=\"vc_row-full-width vc_clearfix\"><\/div>","protected":false},"excerpt":{"rendered":"Loca\u0163ie Str. V\u00e2n\u0103torilor nr. 46B9, Comuna Mogo\u0219oaia, Jud. Ilfov Telefon 0729 073 783 Email contact@medium-rare.ro Date Medium Rare Perspective SRL CIF 42485408 J23\/1659\/2020 Ai nevoie de ajutor? Las\u0103-ne un mesaj Pentru orice detalii despre Medium-Rare \u0219i despre produsele noastre, completeaz\u0103 formularul de mai jos \u0219i vom reveni \u00een cel mai scurt timp! P\u00e2n\u0103 atunci, verific\u0103 \u0219i pagina noastr\u0103 de \u00centreb\u0103ri frecvente, e posibil s\u0103 g\u0103se\u0219ti acolo r\u0103spuns la \u00eentreb\u0103rile tale. Aboneaza-te la newsletter","protected":false},"author":1,"featured_media":0,"parent":0,"menu_order":0,"comment_status":"closed","ping_status":"closed","template":"page-templates\/full-width.php","meta":[],"_links":{"self":[{"href":"https:\/\/medium-rare.ro\/en\/wp-json\/wp\/v2\/pages\/25"}],"collection":[{"href":"https:\/\/medium-rare.ro\/en\/wp-json\/wp\/v2\/pages"}],"about":[{"href":"https:\/\/medium-rare.ro\/en\/wp-json\/wp\/v2\/types\/page"}],"author":[{"embeddable":true,"href":"https:\/\/medium-rare.ro\/en\/wp-json\/wp\/v2\/users\/1"}],"replies":[{"embeddable":true,"href":"https:\/\/medium-rare.ro\/en\/wp-json\/wp\/v2\/comments?post=25"}],"version-history":[{"count":7,"href":"https:\/\/medium-rare.ro\/en\/wp-json\/wp\/v2\/pages\/25\/revisions"}],"predecessor-version":[{"id":12708,"href":"https:\/\/medium-rare.ro\/en\/wp-json\/wp\/v2\/pages\/25\/revisions\/12708"}],"wp:attachment":[{"href":"https:\/\/medium-rare.ro\/en\/wp-json\/wp\/v2\/media?parent=25"}],"curies":[{"name":"wp","href":"https:\/\/api.w.org\/{rel}","templated":true}]}}