{"id":569,"date":"2017-07-07T21:46:30","date_gmt":"2017-07-07T21:46:30","guid":{"rendered":"https:\/\/medium-rare.ro\/povestea"},"modified":"2020-07-16T22:50:41","modified_gmt":"2020-07-16T22:50:41","slug":"povestea","status":"publish","type":"page","link":"https:\/\/medium-rare.ro\/en\/povestea\/","title":{"rendered":"Povestea"},"content":{"rendered":"<div class=\"vc_row wpb_row vc_row-fluid\"><div class=\"wpb_column vc_column_container vc_col-sm-12\"><div class=\"vc_column-inner\"><div class=\"wpb_wrapper\">\n\t<div class=\"wpb_text_column wpb_content_element\" >\n\t\t<div class=\"wpb_wrapper\">\n\t\t\t<p><strong>Pasiunea pentru carne ro\u0219ie \u00eencepe simplu, de la cu\u021bit.<\/strong> Asta pentru c\u0103 o bucat\u0103 de carne de calitate nu merit\u0103 irosit\u0103 pe un cu\u021bit mediocru, la fel cum nici un cu\u021bit excep\u021bional nu merit\u0103 irosit pe c\u0103rnuri mediocre. Cunosc\u0103torii \u0219tiu asta cel mai bine.<\/p>\n<p>Medium-Rare a pornit tocmai de la aceast\u0103 pasiune a celor care \u0219tiu c\u0103 prepararea unei fripturi des\u0103v\u00e2r\u0219ite are nevoie de m\u0103iestrie \u0219i de instrumentul perfect de t\u0103iat, care s\u0103 pun\u0103 \u00een valoare atuurile ingredientului principal. <strong>O pasiune pe care inclusiv noi, cei de la Medium-Rare, o punem la lucru \u00een propriile buc\u0103t\u0103rii.<\/strong><\/p>\n<p>Cu\u021bitele Medium-Rare sunt lucrate manual, din materiale premium pentru care garan\u021bia de 10 ani vorbe\u0219te de la sine. <strong>Forjate \u00een Orientul Mijlociu, de me\u0219te\u0219ugari cu tradi\u021bie \u0219i pasiune transmis\u0103 din genera\u021bie \u00een genera\u021bie \u00een ateliere de familie,<\/strong> cu\u021bitele au fiecare un rol clar \u0219i trebuie alese special \u00een func\u021bie de carnea folosit\u0103 \u0219i de preparatul din care va face parte.<\/p>\n<p>Fiecare instrument de t\u0103iat Medium-Rare este unic \u0219i are propria poveste, pentru c\u0103 prin finisare manual\u0103 nu pot fi niciodat\u0103 create dou\u0103 produse milimetric identice, a\u0219a cum se \u00eent\u00e2mpl\u0103 la produc\u021bia \u00een mas\u0103. \u0218apte me\u0219te\u0219ugari cu specializ\u0103ri diferite lucreaz\u0103 \u00eempreun\u0103 p\u00e2n\u0103 la 8 ore pentru a crea un singur cu\u021bit. Calitatea este \u00eens\u0103 aceea\u0219i, iar <strong>designul vintage, precizia de t\u0103iere \u0219i rezisten\u021ba la folosire intens\u0103 transform\u0103 cu\u021bitele \u00een adev\u0103rate accesorii<\/strong> <strong>care nu trebuie s\u0103 lipseasc\u0103 din nicio buc\u0103t\u0103rie<\/strong>.<\/p>\n<p>Cu\u021bitele Medium-Rare, dar \u0219i \u0219or\u021burile care des\u0103v\u00e2r\u0219esc \u201crolul\u201d de chef \u0219i accesoriile pe care urmeaz\u0103 s\u0103 le lans\u0103m, pot fi martorii evolu\u021biei tale spectaculoase \u00een buc\u0103t\u0103rie. O poveste pe care doar ele o vor \u0219tii cu adev\u0103rat, dar pe care to\u021bi cei dragi o vor putea savura!<\/p>\n\n\t\t<\/div>\n\t<\/div>\n<\/div><\/div><\/div><\/div>","protected":false},"excerpt":{"rendered":"Pasiunea pentru carne ro\u0219ie \u00eencepe simplu, de la cu\u021bit. Asta pentru c\u0103 o bucat\u0103 de carne de calitate nu merit\u0103 irosit\u0103 pe un cu\u021bit mediocru, la fel cum nici un cu\u021bit excep\u021bional nu merit\u0103 irosit pe c\u0103rnuri mediocre. Cunosc\u0103torii \u0219tiu asta cel mai bine. Medium-Rare a pornit tocmai de la aceast\u0103 pasiune a celor care \u0219tiu c\u0103 prepararea unei fripturi des\u0103v\u00e2r\u0219ite are nevoie de m\u0103iestrie \u0219i de instrumentul perfect de t\u0103iat, care s\u0103 pun\u0103 \u00een valoare atuurile ingredientului principal. O pasiune pe care inclusiv noi, cei de la Medium-Rare, o punem la lucru \u00een propriile buc\u0103t\u0103rii. Cu\u021bitele Medium-Rare sunt lucrate manual, din materiale premium pentru care garan\u021bia de 10 ani vorbe\u0219te de la sine. Forjate \u00een Orientul Mijlociu, de me\u0219te\u0219ugari cu tradi\u021bie \u0219i pasiune transmis\u0103 din genera\u021bie \u00een genera\u021bie \u00een ateliere de familie, cu\u021bitele au fiecare un rol clar \u0219i [...]","protected":false},"author":1,"featured_media":0,"parent":0,"menu_order":0,"comment_status":"closed","ping_status":"closed","template":"page-templates\/full-width.php","meta":[],"_links":{"self":[{"href":"https:\/\/medium-rare.ro\/en\/wp-json\/wp\/v2\/pages\/569"}],"collection":[{"href":"https:\/\/medium-rare.ro\/en\/wp-json\/wp\/v2\/pages"}],"about":[{"href":"https:\/\/medium-rare.ro\/en\/wp-json\/wp\/v2\/types\/page"}],"author":[{"embeddable":true,"href":"https:\/\/medium-rare.ro\/en\/wp-json\/wp\/v2\/users\/1"}],"replies":[{"embeddable":true,"href":"https:\/\/medium-rare.ro\/en\/wp-json\/wp\/v2\/comments?post=569"}],"version-history":[{"count":4,"href":"https:\/\/medium-rare.ro\/en\/wp-json\/wp\/v2\/pages\/569\/revisions"}],"predecessor-version":[{"id":11919,"href":"https:\/\/medium-rare.ro\/en\/wp-json\/wp\/v2\/pages\/569\/revisions\/11919"}],"wp:attachment":[{"href":"https:\/\/medium-rare.ro\/en\/wp-json\/wp\/v2\/media?parent=569"}],"curies":[{"name":"wp","href":"https:\/\/api.w.org\/{rel}","templated":true}]}}