{"id":11124,"date":"2019-10-13T15:04:01","date_gmt":"2019-10-13T15:04:01","guid":{"rendered":"https:\/\/medium-rare.ro\/set-cutite-chefs-classic"},"modified":"2023-01-22T09:24:50","modified_gmt":"2023-01-22T09:24:50","slug":"set-cutite-chefs-classic","status":"publish","type":"product","link":"https:\/\/medium-rare.ro\/en\/product\/set-cutite-chefs-classic","title":{"rendered":"Set cu\u021bite CHEF&#8217;s CLASSIC"},"content":{"rendered":"<p><strong>Set complet de instrumente pentru o friptur\u0103 des\u0103v\u00e2r\u0219it\u0103 &#8211; medium-rare, cum altfel? -, care include 2 cu\u021bite \u0219i o furc\u0103 de 33 de centimetri, lucrate manual din o\u021bel carbon extrem de durabil<\/strong>. Acest material este, de obicei, alegerea profesioni\u0219tilor c\u00e2nd vine vorba de instrumente ascu\u021bite \u0219i precise pentru g\u0103tit. M\u00e2nerele sunt elegante \u0219i bine finisate, din lemn, care asigur\u0103 un aspect clasic \u0219i un design vintage care va fi mereu apreciat. Fiecare instrument este forjat \u00eentr-un atelier de familie, cu tradi\u021bie din Orientul Mijlociu \u0219i este necesar\u0103 expertiza a \u0219apte me\u0219te\u0219ugari \u0219i un timp de lucru de aproximativ 4 ore pentru fiecare cu\u021bit.<\/p>\n<p>Toate produsele Medium-Rare trebuie \u00eentre\u021binute cu grij\u0103, pentru a le asigura o durat\u0103 maxim\u0103 de via\u021b\u0103. <strong>Instrumentele trebuie sp\u0103late manual, doar cu produse dedicate ustensilelor de buc\u0103t\u0103rie, \u0219i nu sunt potrivite pentru igienizarea \u00een ma\u0219ina de sp\u0103lat vase<\/strong>. Instrumentele trebuie depozitate departe de substan\u021be toxice \u0219i nu trebuie expuse timp \u00eendelungat la ap\u0103 sau la surse de c\u0103ldur\u0103, pentru a preveni deteriorarea anumitor elemente din care sunt fabricate.<\/p>\n<p><strong>Instrumentele trebuie utilizate doar \u00een scopul prelucr\u0103rii produselor alimentare, cu excep\u021bia oaselor sau a altor alimente foarte dure.<\/strong> Orice alt\u0103 utilizare poate duce la deteriorarea produselor \u0219i la pierderea garan\u021biei. Pentru mai multe informa\u021bii, verific\u0103 instruc\u021biunile de cur\u0103\u021bare \u0219i \u00eengrijire.<\/p>","protected":false},"excerpt":{"rendered":"<p>Un set de instrumente lucrate manual, din materiale durabile, foarte precise, care nu ar trebui s\u0103 lipseasc\u0103 din buc\u0103t\u0103ria niciunui pasionat de g\u0103tit. Instrumentele vin \u0219i cu o hus\u0103 din piele CADOU.<\/p>\n<p>Material: o\u021bel inoxidabil Cr13\/ m\u00e2ner din lemn de m\u0103slin\/ hus\u0103 din piele de bovin\u0103.<\/p>\n<p>Total produse: 3 (cutit cu varf ascutit\/ cutit cu varf rotund\/ furca)\/ Aspect nefinisat.<\/p>\n<p>Lungime: 32 cm\/ Lama: 20 cm\/ Grosime: 2mm.<\/p>\n<p><strong>Nota: Cutitele sunt lucrate manual, motiv pentru care exista posibilitatea produsul sa comporte diferente insignifiante de culoare\/ finisaj\/ culoare husa. Din ratiuni de siguranta, lama produsul este prudent ascutita. Recomandam utilizarea acestuia cu maxim\u0103 responsabilitate.\u00a0<\/strong><\/p>","protected":false},"featured_media":12121,"comment_status":"open","ping_status":"closed","template":"","meta":[],"product_cat":[359],"product_tag":[],"_links":{"self":[{"href":"https:\/\/medium-rare.ro\/en\/wp-json\/wp\/v2\/product\/11124"}],"collection":[{"href":"https:\/\/medium-rare.ro\/en\/wp-json\/wp\/v2\/product"}],"about":[{"href":"https:\/\/medium-rare.ro\/en\/wp-json\/wp\/v2\/types\/product"}],"replies":[{"embeddable":true,"href":"https:\/\/medium-rare.ro\/en\/wp-json\/wp\/v2\/comments?post=11124"}],"wp:featuredmedia":[{"embeddable":true,"href":"https:\/\/medium-rare.ro\/en\/wp-json\/wp\/v2\/media\/12121"}],"wp:attachment":[{"href":"https:\/\/medium-rare.ro\/en\/wp-json\/wp\/v2\/media?parent=11124"}],"wp:term":[{"taxonomy":"product_cat","embeddable":true,"href":"https:\/\/medium-rare.ro\/en\/wp-json\/wp\/v2\/product_cat?post=11124"},{"taxonomy":"product_tag","embeddable":true,"href":"https:\/\/medium-rare.ro\/en\/wp-json\/wp\/v2\/product_tag?post=11124"}],"curies":[{"name":"wp","href":"https:\/\/api.w.org\/{rel}","templated":true}]}}