{"id":11159,"date":"2019-10-13T19:46:59","date_gmt":"2019-10-13T19:46:59","guid":{"rendered":"https:\/\/medium-rare.ro\/sort-all-well-done-fans-should-burn-in-hell"},"modified":"2025-03-11T08:45:31","modified_gmt":"2025-03-11T08:45:31","slug":"sort-all-well-done-fans-should-burn-in-hell","status":"publish","type":"product","link":"https:\/\/medium-rare.ro\/en\/product\/sort-all-well-done-fans-should-burn-in-hell","title":{"rendered":"\u0218or\u021b ALL WELL-DONE FANS SHOULD BURN IN HELL"},"content":{"rendered":"<p>\u0218or\u021bul ALL WELL-DONE FANS SHOULD BURN IN HELL este <strong>o declara\u021bie a celor care \u0219tiu secretele prepar\u0103rii unei fripturi des\u0103v\u00e2r\u0219ite<\/strong>, niciodat\u0103 mai mult dec\u00e2t medium-rare.<\/p>\n<p>\u0218or\u021burile Medium-Rare cu buzunar pentru instrumentele care trebuie s\u0103 fie tot timpul la \u00eendem\u00e2n\u0103 sunt <strong>accesoriul perfect pentru orice chef<\/strong>. Create din bumbac (35%) \u0219i polyester (65%), protejeaz\u0103 hainele de stropii care pot s\u0103ri \u00een timpul g\u0103tirii, iar petele se \u00eendep\u0103rteaz\u0103 u\u0219or din textur\u0103.<\/p>\n<p><strong>\u0218or\u021burile pot fi cur\u0103\u021bate la temperaturi de p\u00e2n\u0103 la 60 de grade<\/strong>, iar pentru o mai bun\u0103 \u00eentre\u021binere a materialului pot fi folosi\u021bi detergen\u021bi de rufe organici, dar \u00een niciun caz cu \u00een\u0103lbitori sau alte produse care pot deteriora materialul sau pot altera culoarea.<\/p>\n<p><strong>\u0218or\u021burile trebuie uscate natural, pentru a preveni deteriorarea materialului \u00een cazul expunerii prelungite la temperaturi ridicate prin utilizarea usc\u0103torului automat de rufe<\/strong>. C\u0103lcarea nu este necesar\u0103, \u00eens\u0103 pentru un aspect potrivit unui adev\u0103rat chef, e recomandat s\u0103 fie c\u0103lcate cu abur, obligatoriu pe dos.<\/p>\n<p><em><strong>Citi\u021bi cu aten\u021bie specifica\u021biile produsului. \u0218or\u021burile sunt produse executate la comanda (imprimeul se realizeaz\u0103 pentru fiecare comand\u0103 \u00een parte) motiv pentru care returnarea produselor nu este posibil\u0103.<\/strong><\/em><\/p>\n<p><em><strong>Termenul de onorare a comenzilor este de p\u00e2n\u0103 la 7 (\u0219apte) zile lucr\u0103toare calculate \u00eencep\u00e2nd cu data recep\u021bion\u0103rii comenzii. Citi\u021bi cu aten\u021bie Termenii \u0219i Condi\u021biile.\u00a0<\/strong><\/em><\/p>","protected":false},"excerpt":{"rendered":"<div class=\"woocommerce-product-details__short-description\">\n<p>\u0218or\u021b cu mesaj de la chef-ul cu adev\u0103rat pasionat de carne ro\u0219ie g\u0103tit\u0103 a\u0219a cum trebuie.<\/p>\n<\/div>","protected":false},"featured_media":12173,"comment_status":"open","ping_status":"closed","template":"","meta":[],"product_cat":[360],"product_tag":[],"_links":{"self":[{"href":"https:\/\/medium-rare.ro\/en\/wp-json\/wp\/v2\/product\/11159"}],"collection":[{"href":"https:\/\/medium-rare.ro\/en\/wp-json\/wp\/v2\/product"}],"about":[{"href":"https:\/\/medium-rare.ro\/en\/wp-json\/wp\/v2\/types\/product"}],"replies":[{"embeddable":true,"href":"https:\/\/medium-rare.ro\/en\/wp-json\/wp\/v2\/comments?post=11159"}],"wp:featuredmedia":[{"embeddable":true,"href":"https:\/\/medium-rare.ro\/en\/wp-json\/wp\/v2\/media\/12173"}],"wp:attachment":[{"href":"https:\/\/medium-rare.ro\/en\/wp-json\/wp\/v2\/media?parent=11159"}],"wp:term":[{"taxonomy":"product_cat","embeddable":true,"href":"https:\/\/medium-rare.ro\/en\/wp-json\/wp\/v2\/product_cat?post=11159"},{"taxonomy":"product_tag","embeddable":true,"href":"https:\/\/medium-rare.ro\/en\/wp-json\/wp\/v2\/product_tag?post=11159"}],"curies":[{"name":"wp","href":"https:\/\/api.w.org\/{rel}","templated":true}]}}