{"id":12338,"date":"2020-11-27T18:27:13","date_gmt":"2020-11-27T18:27:13","guid":{"rendered":"https:\/\/medium-rare.ro\/cutit-fancy-chef"},"modified":"2025-03-11T08:38:10","modified_gmt":"2025-03-11T08:38:10","slug":"cutit-fancy-chef","status":"publish","type":"product","link":"https:\/\/medium-rare.ro\/en\/product\/cutit-fancy-chef","title":{"rendered":"Cu\u021bit FANCY CHEF"},"content":{"rendered":"<blockquote><p><span style=\"font-weight: 400;\">La prima vedere \u00ee\u021bi poate p\u0103rea un cu\u021bit &#8222;potolit&#8221;, \u00eens\u0103 te asigur\u0103m c\u0103 nu este. \u00cen schimb, este &#8211; probabil &#8211; primul cu\u021bit unisex. Nu c\u0103 n-am fi vrut s\u0103-l avem p\u00e2n\u0103 acum, \u00eens\u0103 am vrut s\u0103 ieas\u0103 exact cum trebuie! <strong>Durabil, cu aspect vintage \u0219i aparent delicat, este, de fapt, exact ceea ce ai nevoie \u00een buc\u0103t\u0103rie, zi de zi.<\/strong>\u00a0Lucrat manual, \u00eentr-un atelier cu tradi\u021bie din Orientul Mijlociu, cu un m\u00e2ner elegant din r\u0103\u0219ini \u00een culori vesele, \u0219i cu o hus\u0103 din piele cadou, Fancy Chef are nevoie doar de timpul t\u0103u pentru a-\u0219i merita locul \u00een buc\u0103t\u0103rie. La realizarea lui au participat \u0219apte me\u0219te\u0219ugari cu experien\u021b\u0103, care au lucrat p\u00e2n\u0103 la 5 ore pentru a crea un cu\u021bit cu adev\u0103rat deosebit, un cu\u021bit pe care-l vei l\u0103sa mai departe.\u00a0<\/span><\/p><\/blockquote>\n<p><span style=\"font-weight: 400;\">Toate produsele Medium-Rare trebuie \u00eentre\u021binute cu grij\u0103, pentru a le asigura o durat\u0103 maxim\u0103 de via\u021b\u0103. <strong>Cu\u021bitele trebuie sp\u0103late manual, doar cu produse dedicate ustensilelor de buc\u0103t\u0103rie, \u0219i nu sunt potrivite pentru igienizarea \u00een ma\u0219ina de sp\u0103lat vase.<\/strong> Cu\u021bitele trebuie depozitate departe de substan\u021be toxice \u0219i nu trebuie expuse timp \u00eendelungat la ap\u0103 sau la surse de c\u0103ldur\u0103, pentru a preveni deteriorarea anumitor elemente din care sunt fabricate.<\/span><\/p>\n<p><span style=\"font-weight: 400;\"><strong>Cu\u021bitele trebuie utilizate doar \u00een scopul prelucr\u0103rii produselor alimentare, cu excep\u021bia oaselor sau a altor alimente foarte dure.<\/strong> Orice alt\u0103 utilizare poate duce la deteriorarea produsului \u0219i la pierderea garan\u021biei. Pentru mai multe informa\u021bii, verific\u0103 instruc\u021biunile de cur\u0103\u021bare \u0219i \u00eengrijire.<\/span><\/p>\n<p>&nbsp;<\/p>","protected":false},"excerpt":{"rendered":"<p><span style=\"font-weight: 400;\">Un cu\u021bit universal poate fi alegerea perfect\u0103 dac\u0103 preferi s\u0103-l iei dup\u0103 tine cu fiecare ocazie c\u00e2nd vrei s\u0103 g\u0103te\u0219ti. Cu\u021bitul vine \u0219i cu o hus\u0103 din piele CADOU.<\/span><\/p>\n<p>Material: Stainless steel Chr. 13 (Otel inoxidabil crom 13%)<\/p>\n<p>Culoare lama: gri\/negru<\/p>\n<p>Culoare maner: multicolor\/variabil<\/p>\n<p>Lungime: 33 cm\/ Lama: 19 cm\/ Latime: 5 cm\/ Grosime: 1.5 mm.<\/p>\n<p><strong>Nota: Cutitele sunt lucrate manual, motiv pentru care exista posibilitatea produsul sa comporte diferente insignifiante de culoare\/ finisaj\/ culoare husa. Din ratiuni de siguranta, lama produsul este prudent ascutita. Recomandam utilizarea acestuia cu maxim\u0103 responsabilitate.\u00a0<\/strong><\/p>","protected":false},"featured_media":12359,"comment_status":"open","ping_status":"closed","template":"","meta":[],"product_cat":[359],"product_tag":[382,396,398,397],"_links":{"self":[{"href":"https:\/\/medium-rare.ro\/en\/wp-json\/wp\/v2\/product\/12338"}],"collection":[{"href":"https:\/\/medium-rare.ro\/en\/wp-json\/wp\/v2\/product"}],"about":[{"href":"https:\/\/medium-rare.ro\/en\/wp-json\/wp\/v2\/types\/product"}],"replies":[{"embeddable":true,"href":"https:\/\/medium-rare.ro\/en\/wp-json\/wp\/v2\/comments?post=12338"}],"wp:featuredmedia":[{"embeddable":true,"href":"https:\/\/medium-rare.ro\/en\/wp-json\/wp\/v2\/media\/12359"}],"wp:attachment":[{"href":"https:\/\/medium-rare.ro\/en\/wp-json\/wp\/v2\/media?parent=12338"}],"wp:term":[{"taxonomy":"product_cat","embeddable":true,"href":"https:\/\/medium-rare.ro\/en\/wp-json\/wp\/v2\/product_cat?post=12338"},{"taxonomy":"product_tag","embeddable":true,"href":"https:\/\/medium-rare.ro\/en\/wp-json\/wp\/v2\/product_tag?post=12338"}],"curies":[{"name":"wp","href":"https:\/\/api.w.org\/{rel}","templated":true}]}}