{"id":12340,"date":"2020-11-27T18:24:48","date_gmt":"2020-11-27T18:24:48","guid":{"rendered":"https:\/\/medium-rare.ro\/cutit-istanbul"},"modified":"2022-11-13T10:25:47","modified_gmt":"2022-11-13T10:25:47","slug":"cutit-istanbul","status":"publish","type":"product","link":"https:\/\/medium-rare.ro\/en\/product\/cutit-istanbul","title":{"rendered":"Cu\u021bit ISTANBUL"},"content":{"rendered":"<p><span style=\"font-weight: 400;\">Este piesa noastr\u0103 de rezisten\u021b\u0103 \u0219i te trimite cu g\u00e2ndul la toc\u0103turile otomane, aromate \u0219i g\u0103tite la foc deschis. Fie c\u0103 vrei s\u0103 impresionezi cu un kebab autentic sau poate vrei s\u0103 toci, pur si simplu carne sau legume, cu\u021bitul \u00een dou\u0103 m\u00e2nere ISTANBUL \u00ee\u021bi va schimba percep\u021bia despre cu\u021bite. <strong>Cu un design unic, extrem de durabil, cu aspect pur oriental, este alegerea perfect\u0103 dac\u0103 vrei s\u0103 toci carne \u0219i legume, \u00een mod tradi\u021bional, cu rezultate optime<\/strong>. Lucrat manual, \u00eentr-un atelier cu tradi\u021bie din Orientul Mijlociu, cu un m\u00e2ner elegant din lemn \u0219i cu o hus\u0103 din piele cadou, cu\u021bitul ISTANBUL te va impresiona din prima clip\u0103. La realizarea lui au participat \u0219apte me\u0219te\u0219ugari cu experien\u021b\u0103, care au lucrat p\u00e2n\u0103 la 8 ore pentru a crea un cu\u021bit cu adev\u0103rat deosebit.\u00a0<\/span><\/p>\n<p><span style=\"font-weight: 400;\">Toate produsele Medium-Rare trebuie \u00eentre\u021binute cu grij\u0103, pentru a le asigura o durat\u0103 maxim\u0103 de via\u021b\u0103. <strong>Cu\u021bitele trebuie sp\u0103late manual, doar cu produse dedicate ustensilelor de buc\u0103t\u0103rie, \u0219i nu sunt potrivite pentru igienizarea \u00een ma\u0219ina de sp\u0103lat vase.<\/strong> Cu\u021bitele trebuie depozitate departe de substan\u021be toxice \u0219i nu trebuie expuse timp \u00eendelungat la ap\u0103 sau la surse de c\u0103ldur\u0103, pentru a preveni deteriorarea anumitor elemente din care sunt fabricate.<\/span><\/p>\n<p><span style=\"font-weight: 400;\"><strong>Cu\u021bitele trebuie utilizate doar \u00een scopul prelucr\u0103rii produselor alimentare, cu excep\u021bia oaselor sau a altor alimente foarte dure.<\/strong> Orice alt\u0103 utilizare poate duce la deteriorarea produsului \u0219i la pierderea garan\u021biei. Pentru mai multe informa\u021bii, verific\u0103 instruc\u021biunile de cur\u0103\u021bare \u0219i \u00eengrijire.<\/span><\/p>","protected":false},"excerpt":{"rendered":"<p><span style=\"font-weight: 400;\">Dac\u0103 e\u0219ti pasionat de toc\u0103turi, atunci cu\u021bitul ISTANBUL este alegerea fireasc\u0103. Este piesa noastr\u0103 de rezisten\u021b\u0103 \u0219i suntem foarte m\u00e2ndri de rezultat! \u00cel vei avea mult\u0103 vreme \u0219i va st\u00e2rni invidia tuturor. Cu\u021bitul vine \u0219i cu o hus\u0103 din piele CADOU.<\/span><\/p>\n<p>Material: Stainless steel Chr. 13 (Otel inoxidabil crom 13%)\/ Lama curbata 24 cm.<\/p>\n<p>Maner: Palisandru<\/p>\n<p><strong>Nota: Cutitele sunt lucrate manual, motiv pentru care exista posibilitatea produsul sa comporte diferente insignifiante de culoare\/ finisaj\/ culoare husa. Din ratiuni de siguranta, lama produsul este prudent ascutita. Recomandam utilizarea acestuia cu maxim\u0103 responsabilitate.\u00a0<\/strong><\/p>","protected":false},"featured_media":12363,"comment_status":"open","ping_status":"closed","template":"","meta":[],"product_cat":[359],"product_tag":[396,399,397],"_links":{"self":[{"href":"https:\/\/medium-rare.ro\/en\/wp-json\/wp\/v2\/product\/12340"}],"collection":[{"href":"https:\/\/medium-rare.ro\/en\/wp-json\/wp\/v2\/product"}],"about":[{"href":"https:\/\/medium-rare.ro\/en\/wp-json\/wp\/v2\/types\/product"}],"replies":[{"embeddable":true,"href":"https:\/\/medium-rare.ro\/en\/wp-json\/wp\/v2\/comments?post=12340"}],"wp:featuredmedia":[{"embeddable":true,"href":"https:\/\/medium-rare.ro\/en\/wp-json\/wp\/v2\/media\/12363"}],"wp:attachment":[{"href":"https:\/\/medium-rare.ro\/en\/wp-json\/wp\/v2\/media?parent=12340"}],"wp:term":[{"taxonomy":"product_cat","embeddable":true,"href":"https:\/\/medium-rare.ro\/en\/wp-json\/wp\/v2\/product_cat?post=12340"},{"taxonomy":"product_tag","embeddable":true,"href":"https:\/\/medium-rare.ro\/en\/wp-json\/wp\/v2\/product_tag?post=12340"}],"curies":[{"name":"wp","href":"https:\/\/api.w.org\/{rel}","templated":true}]}}