{"id":12344,"date":"2020-11-27T18:13:54","date_gmt":"2020-11-27T18:13:54","guid":{"rendered":"https:\/\/medium-rare.ro\/butchers-classic-satir"},"modified":"2023-03-23T15:07:35","modified_gmt":"2023-03-23T15:07:35","slug":"butchers-classic-satir","status":"publish","type":"product","link":"https:\/\/medium-rare.ro\/en\/product\/butchers-classic-satir","title":{"rendered":"BUTCHER&#8217;s CLASSIC SAT\u00ceR"},"content":{"rendered":"<p><span style=\"font-weight: 400;\">Butcher\u2019s Classic Sat\u00eer este sat\u00e2rul perfect pentru un m\u0103celar. <strong>Extrem de durabil, cu greutate, aspect unic \u0219i m\u00e2ner special, este alegerea perfect\u0103 dac\u0103 vrei s\u0103 tran\u0219ezi, s\u0103 toci sau s\u0103 impresionezi<\/strong>. Lucrat manual, \u00eentr-un atelier cu tradi\u021bie din Orientul Mijlociu, cu un m\u00e2ner elegant din lemn \u0219i cu o hus\u0103 din piele cadou, sat\u00e2rul are nevoie doar de o m\u00e2n\u0103 priceput\u0103 pentru a deveni un instrument extrem de eficient \u00een buc\u0103t\u0103rie. La realizarea lui au participat \u0219apte me\u0219te\u0219ugari cu experien\u021b\u0103, care au lucrat p\u00e2n\u0103 la 7 ore pentru a crea un cu\u021bit cu adev\u0103rat deosebit.<\/span><\/p>\n<p><span style=\"font-weight: 400;\">Toate produsele Medium-Rare trebuie \u00eentre\u021binute cu grij\u0103, pentru a le asigura o durat\u0103 maxim\u0103 de via\u021b\u0103. <strong>Cu\u021bitele trebuie sp\u0103late manual, doar cu produse dedicate ustensilelor de buc\u0103t\u0103rie, \u0219i nu sunt potrivite pentru igienizarea \u00een ma\u0219ina de sp\u0103lat vase.<\/strong> Cu\u021bitele trebuie depozitate departe de substan\u021be toxice \u0219i nu trebuie expuse timp \u00eendelungat la ap\u0103 sau la surse de c\u0103ldur\u0103, pentru a preveni deteriorarea anumitor elemente din care sunt fabricate.<\/span><\/p>\n<p><span style=\"font-weight: 400;\"><strong>Cu\u021bitele trebuie utilizate doar \u00een scopul prelucr\u0103rii produselor alimentare, cu excep\u021bia oaselor sau a altor alimente foarte dure.<\/strong> Orice alt\u0103 utilizare poate duce la deteriorarea produsului \u0219i la pierderea garan\u021biei. Pentru mai multe informa\u021bii, verific\u0103 instruc\u021biunile de cur\u0103\u021bare \u0219i \u00eengrijire.<\/span><\/p>","protected":false},"excerpt":{"rendered":"<p><span style=\"font-weight: 400;\">Un cu\u021bit sat\u00e2r este mereu o alegere potrivit\u0103 c\u00e2nd trebuie s\u0103 tai rapid buc\u0103\u021bi mari de carne \u0219i ai nevoie de un instrument solid. Cu\u021bitul vine \u0219i cu o hus\u0103 din piele CADOU.<\/span><\/p>\n<p>Material: Stainless steel Chr. 13 (Otel inoxidabil crom 13%)\/ Aspect nefinisat.<\/p>\n<p>Lungime: 34 cm\/ Lama: 20 cm\/ Latime: 9.5 cm\/ Grosime: 3 mm.<\/p>\n<p><strong>Nota: Cutitele sunt lucrate manual, motiv pentru care exista posibilitatea produsul sa comporte diferente insignifiante de culoare\/ finisaj\/ culoare husa. Din ratiuni de siguranta, lama produsul este prudent ascutita. Recomandam utilizarea acestuia cu maxim\u0103 responsabilitate.\u00a0<\/strong><\/p>","protected":false},"featured_media":12370,"comment_status":"open","ping_status":"closed","template":"","meta":[],"product_cat":[359],"product_tag":[405,396,404,403],"_links":{"self":[{"href":"https:\/\/medium-rare.ro\/en\/wp-json\/wp\/v2\/product\/12344"}],"collection":[{"href":"https:\/\/medium-rare.ro\/en\/wp-json\/wp\/v2\/product"}],"about":[{"href":"https:\/\/medium-rare.ro\/en\/wp-json\/wp\/v2\/types\/product"}],"replies":[{"embeddable":true,"href":"https:\/\/medium-rare.ro\/en\/wp-json\/wp\/v2\/comments?post=12344"}],"wp:featuredmedia":[{"embeddable":true,"href":"https:\/\/medium-rare.ro\/en\/wp-json\/wp\/v2\/media\/12370"}],"wp:attachment":[{"href":"https:\/\/medium-rare.ro\/en\/wp-json\/wp\/v2\/media?parent=12344"}],"wp:term":[{"taxonomy":"product_cat","embeddable":true,"href":"https:\/\/medium-rare.ro\/en\/wp-json\/wp\/v2\/product_cat?post=12344"},{"taxonomy":"product_tag","embeddable":true,"href":"https:\/\/medium-rare.ro\/en\/wp-json\/wp\/v2\/product_tag?post=12344"}],"curies":[{"name":"wp","href":"https:\/\/api.w.org\/{rel}","templated":true}]}}