{"id":12345,"date":"2020-12-16T16:18:20","date_gmt":"2020-12-16T16:18:20","guid":{"rendered":"https:\/\/medium-rare.ro\/condiment-beyoglu-istanbul-50-g"},"modified":"2022-02-06T08:12:46","modified_gmt":"2022-02-06T08:12:46","slug":"condiment-beyoglu-istanbul-50-g","status":"publish","type":"product","link":"https:\/\/medium-rare.ro\/en\/product\/condiment-beyoglu-istanbul-50-g","title":{"rendered":"Condiment Beyo\u011flu Istanbul (50 g)"},"content":{"rendered":"<p><strong>Ingrediente:<\/strong><\/p>\n<p>Amestec de condimente \u0219i verde\u021buri uscate \u00een propor\u021bie variabil\u0103 de 80% (sumac, fulgi de ardei iute, piper ro\u0219u, piper negru, turmeric, chimen, cardamon, p\u0103trunjel), sare de mare iodat\u0103 20%.<\/p>\n<p>Gramaj: 50 g<\/p>\n<p>Poate con\u021bine urme de coaj\u0103 lemnoas\u0103, mu\u0219tar, susan. A se p\u0103stra \u00eentr-un loc uscat \u0219i ferit de razele soarelui.<\/p>\n<p>Pentru o experien\u021b\u0103 gastronomic\u0103 optim\u0103, folosi\u021bi \u00een cantit\u0103\u021bi moderate!<\/p>\n<p><strong>Beyo\u011flu<\/strong> \u00eennobileaz\u0103 <strong><span class=\"has-inline-color\">toc\u0103turile de vit\u0103\/ oaie, c\u00e2rna\u021bii de vit\u0103\/ oaie, pastrama de vit\u0103\/ oaie, kebab-ul, shaorma, chiftelele de vit\u0103\/ oaie, puiul pe plit\u0103, pe jar, la suli\u021b\u0103 sau cuptor, curcan la cuptor, carnea de oaie, miel, capr\u0103, sau g\u0103tite la tigaie, cuptor, gr\u0103tar, aer cald, organelor de miel (kokorec) \u0219i frig\u0103ruilor de vac\u0103.\u00a0<\/span><\/strong><\/p>\n<p><strong>Informa\u021bii utile: <a href=\"https:\/\/medium-rare.ro\/en\/beyoglu-therma-hammamet\/\">https:\/\/medium-rare.ro\/beyoglu-therma-hammamet\/<\/a><\/strong><\/p>\n<p><strong>Povestea locului: <a href=\"https:\/\/medium-rare.ro\/en\/beyoglu-istanbul-arome-si-povesti-pe-strazile-inguste\/\">https:\/\/medium-rare.ro\/beyoglu-istanbul-arome-si-povesti-pe-strazile-inguste\/<\/a><\/strong><\/p>","protected":false},"excerpt":{"rendered":"<p>Mixurile de <strong>ierburi<\/strong> \u0219i <strong>condimente<\/strong> Medium-Rare reproduc aromele \u0219i energiile unor locuri poate nu foarte populare, dar suficient de fascinante. Beyoglu (Istanbul &#8211; Turcia) este unul dintre aceste locuri!<\/p>","protected":false},"featured_media":12528,"comment_status":"open","ping_status":"closed","template":"","meta":[],"product_cat":[352],"product_tag":[407,406,408,409],"_links":{"self":[{"href":"https:\/\/medium-rare.ro\/en\/wp-json\/wp\/v2\/product\/12345"}],"collection":[{"href":"https:\/\/medium-rare.ro\/en\/wp-json\/wp\/v2\/product"}],"about":[{"href":"https:\/\/medium-rare.ro\/en\/wp-json\/wp\/v2\/types\/product"}],"replies":[{"embeddable":true,"href":"https:\/\/medium-rare.ro\/en\/wp-json\/wp\/v2\/comments?post=12345"}],"wp:featuredmedia":[{"embeddable":true,"href":"https:\/\/medium-rare.ro\/en\/wp-json\/wp\/v2\/media\/12528"}],"wp:attachment":[{"href":"https:\/\/medium-rare.ro\/en\/wp-json\/wp\/v2\/media?parent=12345"}],"wp:term":[{"taxonomy":"product_cat","embeddable":true,"href":"https:\/\/medium-rare.ro\/en\/wp-json\/wp\/v2\/product_cat?post=12345"},{"taxonomy":"product_tag","embeddable":true,"href":"https:\/\/medium-rare.ro\/en\/wp-json\/wp\/v2\/product_tag?post=12345"}],"curies":[{"name":"wp","href":"https:\/\/api.w.org\/{rel}","templated":true}]}}