{"id":12349,"date":"2020-12-16T16:16:50","date_gmt":"2020-12-16T16:16:50","guid":{"rendered":"https:\/\/medium-rare.ro\/condiment-therma-samothraki-100-g"},"modified":"2022-02-06T08:12:47","modified_gmt":"2022-02-06T08:12:47","slug":"condiment-therma-samothraki-100-g","status":"publish","type":"product","link":"https:\/\/medium-rare.ro\/en\/product\/condiment-therma-samothraki-100-g","title":{"rendered":"Condiment Therma Samothraki (100 g)"},"content":{"rendered":"<p><strong>Ingrediente:<\/strong><\/p>\n<p>Amestec de condimente \u0219i verde\u021buri uscate \u00een propor\u021bie variabil\u0103 de 77% (cimbru, dafin, salvie, piper alb, piper ro\u0219u, anason, semin\u021be de fenicul, semin\u021be de susan, usturoi granulat), sare de mare iodat\u0103 23%.<\/p>\n<p>Gramaj: 100 g<\/p>\n<p>Poate con\u021bine urme de coaj\u0103 lemnoas\u0103, mu\u0219tar. A se p\u0103stra \u00eentr-un loc uscat \u0219i ferit de razele soarelui.<\/p>\n<p>Pentru o experien\u021b\u0103 gastronomic\u0103 optim\u0103, folosi\u021bi \u00een cantit\u0103\u021bi moderate.<\/p>\n<p><strong>Therma<\/strong> te va surprinde \u00een combina\u021bie cu <strong><span class=\"has-inline-color\">pe\u0219te marin, fructe de mare, sosuri albe, carne slab\u0103 de miel sau ied.<\/span><\/strong><\/p>\n<p><strong>Informa\u021bii utile: <a href=\"https:\/\/medium-rare.ro\/en\/beyoglu-therma-hammamet\/\">https:\/\/medium-rare.ro\/beyoglu-therma-hammamet\/<\/a><\/strong><\/p>\n<p><strong>Povestea locului: <a href=\"https:\/\/medium-rare.ro\/en\/therma-samothraki-unde-zeii-au-lasat-gust-si-libertate\/\">https:\/\/medium-rare.ro\/therma-samothraki-unde-zeii-au-lasat-gust-si-libertate\/<\/a><\/strong><\/p>","protected":false},"excerpt":{"rendered":"<p>Mixurile de <strong>ierburi<\/strong> \u0219i <strong>condimente<\/strong> Medium-Rare reproduc aromele \u0219i energiile unor locuri poate nu foarte populare, dar suficient de fascinante. Therma (Samothraki &#8211; Grecia) este unul dintre aceste locuri!<\/p>","protected":false},"featured_media":12530,"comment_status":"open","ping_status":"closed","template":"","meta":[],"product_cat":[352],"product_tag":[406,424,411,410],"_links":{"self":[{"href":"https:\/\/medium-rare.ro\/en\/wp-json\/wp\/v2\/product\/12349"}],"collection":[{"href":"https:\/\/medium-rare.ro\/en\/wp-json\/wp\/v2\/product"}],"about":[{"href":"https:\/\/medium-rare.ro\/en\/wp-json\/wp\/v2\/types\/product"}],"replies":[{"embeddable":true,"href":"https:\/\/medium-rare.ro\/en\/wp-json\/wp\/v2\/comments?post=12349"}],"wp:featuredmedia":[{"embeddable":true,"href":"https:\/\/medium-rare.ro\/en\/wp-json\/wp\/v2\/media\/12530"}],"wp:attachment":[{"href":"https:\/\/medium-rare.ro\/en\/wp-json\/wp\/v2\/media?parent=12349"}],"wp:term":[{"taxonomy":"product_cat","embeddable":true,"href":"https:\/\/medium-rare.ro\/en\/wp-json\/wp\/v2\/product_cat?post=12349"},{"taxonomy":"product_tag","embeddable":true,"href":"https:\/\/medium-rare.ro\/en\/wp-json\/wp\/v2\/product_tag?post=12349"}],"curies":[{"name":"wp","href":"https:\/\/api.w.org\/{rel}","templated":true}]}}