{"id":12351,"date":"2020-12-16T16:19:45","date_gmt":"2020-12-16T16:19:45","guid":{"rendered":"https:\/\/medium-rare.ro\/condiment-hammamet-tunisia-100-g"},"modified":"2022-02-06T08:12:46","modified_gmt":"2022-02-06T08:12:46","slug":"condiment-hammamet-tunisia-100-g","status":"publish","type":"product","link":"https:\/\/medium-rare.ro\/en\/product\/condiment-hammamet-tunisia-100-g","title":{"rendered":"Condiment Hammamet Tunisia (100 g)"},"content":{"rendered":"<p>Ingrediente:<\/p>\n<p>Amestec de condimente \u0219i verde\u021buri uscate \u00een propor\u021bie variabil\u0103 de 81% (semin\u021be de coriandru, turmeric, usturoi granulat, boia dulce, piper negru, boia iute, dafin, cui\u0219oare, chimen, ment\u0103), sare de mare iodat\u0103 19%.<\/p>\n<p>Gramaj: 100 g<\/p>\n<p>Poate con\u021bine urme de coaj\u0103 lemnoas\u0103, mu\u0219tar, susan. A se p\u0103stra \u00eentr-un loc uscat \u0219i ferit de razele soarelui.<\/p>\n<p>Pentru o experien\u021b\u0103 gastronomic\u0103 optim\u0103, folosi\u021bi \u00een cantit\u0103\u021bi moderate!<\/p>\n<p><strong>Hammamet<\/strong>\u00a0\u00eennobileaz\u0103\u00a0<strong><span class=\"has-inline-color\">toc\u0103turile de vit\u0103\/ oaie, toc\u0103ni\u021bele \u0219i sosurile de carne, m\u00e2nc\u0103rurile pe baz\u0103 de orez, cartofi sau cou\u0219-cou\u0219, fripturile de vit<\/span><\/strong><span class=\"has-inline-color\"><strong>\u0103, oaie sau pui.<\/strong><\/span><\/p>\n<p><strong>Informa\u021bii utile: <a href=\"https:\/\/medium-rare.ro\/en\/beyoglu-therma-hammamet\/\">https:\/\/medium-rare.ro\/beyoglu-therma-hammamet\/<\/a><\/strong><\/p>\n<p><strong>Povestea locului: <a href=\"https:\/\/medium-rare.ro\/en\/product\/condiment-hammamet-tunisia-50-g\/\">https:\/\/medium-rare.ro\/hammamet-tunisia-unde-cultura-si-oamenii-dau-gust\/<\/a><\/strong><\/p>","protected":false},"excerpt":{"rendered":"<p>Mixurile de <strong>ierburi<\/strong> \u0219i <strong>condimente<\/strong> Medium-Rare reproduc aromele \u0219i energiile unor locuri poate nu foarte populare, dar suficient de fascinante. Hammamet (Tunisia) este unul dintre aceste locuri!<\/p>\n<p>&nbsp;<\/p>","protected":false},"featured_media":12525,"comment_status":"open","ping_status":"closed","template":"","meta":[],"product_cat":[352],"product_tag":[406,412,413],"_links":{"self":[{"href":"https:\/\/medium-rare.ro\/en\/wp-json\/wp\/v2\/product\/12351"}],"collection":[{"href":"https:\/\/medium-rare.ro\/en\/wp-json\/wp\/v2\/product"}],"about":[{"href":"https:\/\/medium-rare.ro\/en\/wp-json\/wp\/v2\/types\/product"}],"replies":[{"embeddable":true,"href":"https:\/\/medium-rare.ro\/en\/wp-json\/wp\/v2\/comments?post=12351"}],"wp:featuredmedia":[{"embeddable":true,"href":"https:\/\/medium-rare.ro\/en\/wp-json\/wp\/v2\/media\/12525"}],"wp:attachment":[{"href":"https:\/\/medium-rare.ro\/en\/wp-json\/wp\/v2\/media?parent=12351"}],"wp:term":[{"taxonomy":"product_cat","embeddable":true,"href":"https:\/\/medium-rare.ro\/en\/wp-json\/wp\/v2\/product_cat?post=12351"},{"taxonomy":"product_tag","embeddable":true,"href":"https:\/\/medium-rare.ro\/en\/wp-json\/wp\/v2\/product_tag?post=12351"}],"curies":[{"name":"wp","href":"https:\/\/api.w.org\/{rel}","templated":true}]}}