{"id":12407,"date":"2020-12-16T16:19:18","date_gmt":"2020-12-16T16:19:18","guid":{"rendered":"https:\/\/medium-rare.ro\/pachet-condimente-beyoglu-therma-hammamet-50g50g50g"},"modified":"2022-02-06T08:12:48","modified_gmt":"2022-02-06T08:12:48","slug":"pachet-condimente-beyoglu-therma-hammamet-50g50g50g","status":"publish","type":"product","link":"https:\/\/medium-rare.ro\/en\/product\/pachet-condimente-beyoglu-therma-hammamet-50g50g50g","title":{"rendered":"Pachet condimente Beyo\u011flu | Therma | Hammamet (50g\/50g\/50g)"},"content":{"rendered":"<p><strong>Ingrediente Beyoglu<\/strong><\/p>\n<p>Amestec de condimente \u0219i verde\u021buri uscate \u00een propor\u021bie variabil\u0103 de 80% (sumac, fulgi de ardei iute, piper ro\u0219u, piper negru, turmeric, chimen, cardamon, p\u0103trunjel), sare de mare iodat\u0103 20%.<\/p>\n<p><strong>Beyo\u011flu<\/strong> \u00eennobileaz\u0103 <strong><span class=\"has-inline-color\">toc\u0103turile de vit\u0103\/ oaie, c\u00e2rna\u021bii de vit\u0103\/ oaie, pastrama de vit\u0103\/ oaie, kebab-ul, shaorma, chiftelele de vit\u0103\/ oaie, puiul pe plit\u0103, pe jar, la suli\u021b\u0103 sau cuptor, curcan la cuptor, carnea de oaie, miel, capr\u0103, sau g\u0103tite la tigaie, cuptor, gr\u0103tar, aer cald, organelor de miel (kokorec) \u0219i frig\u0103ruilor de vac\u0103.\u00a0<\/span><\/strong><\/p>\n<p>Gramaj: 50 g<\/p>\n<p>Poate con\u021bine urme de coaj\u0103 lemnoas\u0103, mu\u0219tar, susan.<\/p>\n<p><strong>Ingrediente Therma:<\/strong><\/p>\n<p>Amestec de condimente \u0219i verde\u021buri uscate \u00een propor\u021bie variabil\u0103 de 77% (cimbru, dafin, salvie, piper alb, piper ro\u0219u, anason, semin\u021be de fenicul, semin\u021be de susan, usturoi granulat), sare de mare iodat\u0103 23%.<\/p>\n<p><strong>Therma<\/strong> te va surprinde \u00een combina\u021bie cu <strong><span class=\"has-inline-color\">pe\u0219te marin, fructe de mare, sosuri albe, carne slab\u0103 de miel sau ied.<\/span><\/strong><\/p>\n<p>Gramaj: 50 g<\/p>\n<p>Poate con\u021bine urme de coaj\u0103 lemnoas\u0103, mu\u0219tar.<\/p>\n<p><strong>Ingrediente Hammamet:<\/strong><\/p>\n<p>Amestec de condimente \u0219i verde\u021buri uscate \u00een propor\u021bie variabil\u0103 de 81% (semin\u021be de coriandru, turmeric, usturoi granulat, boia dulce, piper negru, boia iute, dafin, cui\u0219oare, chimen, ment\u0103), sare de mare iodat\u0103 19%.<\/p>\n<p><strong>Hammamet<\/strong> \u00eennobileaz\u0103 <strong><span class=\"has-inline-color\">toc\u0103turile de vit\u0103\/ oaie, toc\u0103ni\u021bele \u0219i sosurile de carne, m\u00e2nc\u0103rurile pe baz\u0103 de orez, cartofi sau cou\u0219-cou\u0219, fripturile de vit<\/span><\/strong><span class=\"has-inline-color\"><strong>\u0103, oaie sau pui.<\/strong><\/span><\/p>\n<p>Gramaj: 50 g<\/p>\n<p>Poate con\u021bine urme de coaj\u0103 lemnoas\u0103, mu\u0219tar, susan.<\/p>\n<p>A se p\u0103stra \u00eentr-un loc uscat \u0219i ferit de razele soarelui.\u00a0Pentru o experien\u021b\u0103 gastronomic\u0103 optim\u0103, folosi\u021bi \u00een cantit\u0103\u021bi moderate!<\/p>\n<p><strong>Informa\u021bii utile: <a href=\"https:\/\/medium-rare.ro\/en\/beyoglu-therma-hammamet\/\">https:\/\/medium-rare.ro\/beyoglu-therma-hammamet\/<\/a><\/strong><\/p>","protected":false},"excerpt":{"rendered":"<p>Mixurile de <strong>ierburi<\/strong> \u0219i <strong>condimente<\/strong> Medium-Rare reproduc aromele \u0219i energiile unor locuri poate nu foarte populare, dar suficient de fascinante. Sunt trei destina\u021bii cu o istorie surprinz\u0103toare, cu oameni primitori \u0219i pricepu\u021bi \u00een arta buc\u0103t\u0103riei \u0219i cu foarte mult gust.<\/p>\n<p><strong>Achizi\u021bion\u00e2nd pachetul economise\u0219ti 10%!<\/strong><\/p>","protected":false},"featured_media":12526,"comment_status":"open","ping_status":"closed","template":"","meta":[],"product_cat":[352],"product_tag":[407,423,406,408,424,422],"_links":{"self":[{"href":"https:\/\/medium-rare.ro\/en\/wp-json\/wp\/v2\/product\/12407"}],"collection":[{"href":"https:\/\/medium-rare.ro\/en\/wp-json\/wp\/v2\/product"}],"about":[{"href":"https:\/\/medium-rare.ro\/en\/wp-json\/wp\/v2\/types\/product"}],"replies":[{"embeddable":true,"href":"https:\/\/medium-rare.ro\/en\/wp-json\/wp\/v2\/comments?post=12407"}],"wp:featuredmedia":[{"embeddable":true,"href":"https:\/\/medium-rare.ro\/en\/wp-json\/wp\/v2\/media\/12526"}],"wp:attachment":[{"href":"https:\/\/medium-rare.ro\/en\/wp-json\/wp\/v2\/media?parent=12407"}],"wp:term":[{"taxonomy":"product_cat","embeddable":true,"href":"https:\/\/medium-rare.ro\/en\/wp-json\/wp\/v2\/product_cat?post=12407"},{"taxonomy":"product_tag","embeddable":true,"href":"https:\/\/medium-rare.ro\/en\/wp-json\/wp\/v2\/product_tag?post=12407"}],"curies":[{"name":"wp","href":"https:\/\/api.w.org\/{rel}","templated":true}]}}