{"id":12500,"date":"2021-02-25T12:11:39","date_gmt":"2021-02-25T12:11:39","guid":{"rendered":"https:\/\/medium-rare.ro\/cutit-forest-knife-limited-edition"},"modified":"2025-03-11T08:37:45","modified_gmt":"2025-03-11T08:37:45","slug":"cutit-forest-knife-limited-edition","status":"publish","type":"product","link":"https:\/\/medium-rare.ro\/en\/product\/cutit-forest-knife-limited-edition","title":{"rendered":"Cu\u021bit Forest Knife Limited Edition"},"content":{"rendered":"<p>Un cu\u021bit cum nu mai gasesti altul. Este gandit si proictat special de noi pentru ca tu sa beneficiezi de o experienta unica in transarea carnii. Cu\u021bitul Forest Knife Limited Edition este lucrat manual, din otel Cr13 si maner din corn de cerb. Durabil si usor de manevrat, acest instrument este confectionat \u00eentr-un atelier de familie din Orientul Mijlociu, cu tradi\u021bie de jum\u0103tate de secol.<\/p>\n<p>Toate produsele Medium-Rare trebuie \u00eentre\u021binute cu grij\u0103, pentru a le asigura o durat\u0103 maxim\u0103 de via\u021b\u0103. <strong>Cu\u021bitele trebuie sp\u0103late manual, doar cu produse dedicate ustensilelor de buc\u0103t\u0103rie, \u0219i nu sunt potrivite pentru igienizarea \u00een ma\u0219ina de sp\u0103lat vase<\/strong>. Cu\u021bitele trebuie depozitate departe de substan\u021be toxice \u0219i nu trebuie expuse timp \u00eendelungat la ap\u0103 sau la surse de c\u0103ldur\u0103, pentru a preveni deteriorarea anumitor elemente din care sunt fabricate.<\/p>\n<p><strong>Cu\u021bitele trebuie utilizate doar \u00een scopul prelucr\u0103rii produselor alimentare, cu excep\u021bia oaselor sau a altor alimente foarte dure<\/strong>. Orice alt\u0103 utilizare poate duce la deteriorarea produsului \u0219i la pierderea garan\u021biei. Pentru mai multe informa\u021bii, verific\u0103 instruc\u021biunile de cur\u0103\u021bare \u0219i \u00eengrijire.<\/p>","protected":false},"excerpt":{"rendered":"<p><span style=\"font-weight: 400;\">Un cutit unic, cu un design special, pentru pasionatii de cutite hibrid. Cu\u021bitul vine \u0219i cu o teac\u0103 din piele de vitel CADOU.<\/span><\/p>\n<p>Utilitate: cutit pentru transare carne, util in bucatarie, cu design hibrid (vanatoare\/ bucatarie).<\/p>\n<p>Material: Stainless steel Chr. 13 (Otel inoxidabil crom 13%)<\/p>\n<p>Lungime: 32 cm\/ Lama: 20 cm\/ Latime: 6 cm\/ Grosime: 2mm.<\/p>\n<p><strong>Nota: Cutitele sunt lucrate manual, motiv pentru care exista posibilitatea produsul sa comporte diferente insignifiante de culoare\/ finisaj\/ culoare husa. Din ratiuni de siguranta, lama produsul este prudent ascutita. Recomandam utilizarea acestuia cu maxim\u0103 responsabilitate.\u00a0<\/strong><\/p>","protected":false},"featured_media":12515,"comment_status":"open","ping_status":"closed","template":"","meta":[],"product_cat":[359],"product_tag":[401,396,421,402,397],"_links":{"self":[{"href":"https:\/\/medium-rare.ro\/en\/wp-json\/wp\/v2\/product\/12500"}],"collection":[{"href":"https:\/\/medium-rare.ro\/en\/wp-json\/wp\/v2\/product"}],"about":[{"href":"https:\/\/medium-rare.ro\/en\/wp-json\/wp\/v2\/types\/product"}],"replies":[{"embeddable":true,"href":"https:\/\/medium-rare.ro\/en\/wp-json\/wp\/v2\/comments?post=12500"}],"wp:featuredmedia":[{"embeddable":true,"href":"https:\/\/medium-rare.ro\/en\/wp-json\/wp\/v2\/media\/12515"}],"wp:attachment":[{"href":"https:\/\/medium-rare.ro\/en\/wp-json\/wp\/v2\/media?parent=12500"}],"wp:term":[{"taxonomy":"product_cat","embeddable":true,"href":"https:\/\/medium-rare.ro\/en\/wp-json\/wp\/v2\/product_cat?post=12500"},{"taxonomy":"product_tag","embeddable":true,"href":"https:\/\/medium-rare.ro\/en\/wp-json\/wp\/v2\/product_tag?post=12500"}],"curies":[{"name":"wp","href":"https:\/\/api.w.org\/{rel}","templated":true}]}}