{"id":12509,"date":"2021-03-02T09:24:13","date_gmt":"2021-03-02T09:24:13","guid":{"rendered":"https:\/\/medium-rare.ro\/set-tacamuri-wild-no-1"},"modified":"2025-03-11T08:32:59","modified_gmt":"2025-03-11T08:32:59","slug":"set-tacamuri-wild-no-1","status":"publish","type":"product","link":"https:\/\/medium-rare.ro\/en\/product\/set-tacamuri-wild-no-1","title":{"rendered":"Set tac\u00e2muri Wild no. 1"},"content":{"rendered":"<p>Stii cum arata tacamurile perfecte pentru amatorii de carne? Exact asa! Si suntem siguri ca vei impresiona audienta cu bijuteriile acestea, atent lucrate manual, si care se potrivesc perfect pentru un gratar in aer liber. Ca sa nu mai spunem ca vin la pachet cu o husa din piele dedicata.<\/p>\n<p>Sunt realizate din otel inoxidabil Cr13 cu aspect forjat, ars.<\/p>\n<p>Toate produsele Medium-Rare trebuie \u00eentre\u021binute cu grij\u0103, pentru a le asigura o durat\u0103 maxim\u0103 de via\u021b\u0103. <strong>Tac\u00e2murile trebuie sp\u0103late manual, doar cu produse dedicate ustensilelor de buc\u0103t\u0103rie, \u0219i nu sunt potrivite pentru igienizarea \u00een ma\u0219ina de sp\u0103lat vase<\/strong>. Acestea trebuie depozitate departe de substan\u021be toxice \u0219i nu trebuie expuse timp \u00eendelungat la ap\u0103 sau la surse de c\u0103ldur\u0103, pentru a preveni deteriorarea anumitor elemente din care sunt fabricate.<\/p>\n<p><strong>Produsele trebuie utilizate doar \u00een scopul prelucr\u0103rii produselor alimentare, cu excep\u021bia oaselor sau a altor alimente foarte dure<\/strong>. Orice alt\u0103 utilizare poate duce la deteriorarea produsului \u0219i la pierderea garan\u021biei. Pentru mai multe informa\u021bii, verific\u0103 instruc\u021biunile de cur\u0103\u021bare \u0219i \u00eengrijire.<\/p>","protected":false},"excerpt":{"rendered":"<p>Set format din cutit, lingura si furculita, realizate din otel inoxidabil Cr13 cu aspect forjat, ars, insotit de o husa din piele de vitel.<\/p>\n<p>Dimensiuni: furc\u0103 &#8211; 18 cm\/ cutit &#8211; 21 cm\/ lingura &#8211; 21 cm.<\/p>\n<p><strong>Nota: Cutitele sunt lucrate manual, motiv pentru care exista posibilitatea produsul sa comporte diferente insignifiante de culoare\/ finisaj\/ culoare husa. Din ratiuni de siguranta, lama produsul este prudent ascutita. Recomandam utilizarea acestuia cu maxim\u0103 responsabilitate.\u00a0<\/strong><\/p>\n<p>&nbsp;<\/p>\n<p>&nbsp;<\/p>","protected":false},"featured_media":12534,"comment_status":"open","ping_status":"closed","template":"","meta":[],"product_cat":[352],"product_tag":[424,430,428,429],"_links":{"self":[{"href":"https:\/\/medium-rare.ro\/en\/wp-json\/wp\/v2\/product\/12509"}],"collection":[{"href":"https:\/\/medium-rare.ro\/en\/wp-json\/wp\/v2\/product"}],"about":[{"href":"https:\/\/medium-rare.ro\/en\/wp-json\/wp\/v2\/types\/product"}],"replies":[{"embeddable":true,"href":"https:\/\/medium-rare.ro\/en\/wp-json\/wp\/v2\/comments?post=12509"}],"wp:featuredmedia":[{"embeddable":true,"href":"https:\/\/medium-rare.ro\/en\/wp-json\/wp\/v2\/media\/12534"}],"wp:attachment":[{"href":"https:\/\/medium-rare.ro\/en\/wp-json\/wp\/v2\/media?parent=12509"}],"wp:term":[{"taxonomy":"product_cat","embeddable":true,"href":"https:\/\/medium-rare.ro\/en\/wp-json\/wp\/v2\/product_cat?post=12509"},{"taxonomy":"product_tag","embeddable":true,"href":"https:\/\/medium-rare.ro\/en\/wp-json\/wp\/v2\/product_tag?post=12509"}],"curies":[{"name":"wp","href":"https:\/\/api.w.org\/{rel}","templated":true}]}}